{"id":2,"date":"2012-10-07T17:24:28","date_gmt":"2012-10-07T15:24:28","guid":{"rendered":"http:\/\/zeffeurs.cabreretsprod.com\/wordpress\/?page_id=2"},"modified":"2024-11-30T21:47:18","modified_gmt":"2024-11-30T20:47:18","slug":"zef","status":"publish","type":"page","link":"https:\/\/zeffeurs.cabreretsprod.com\/zef\/","title":{"rendered":"fiif"},"content":{"rendered":"<p>[vc_row][vc_column width=&#8221;1\/1&#8243;][vc_single_image image=&#8221;7061&#8243; img_size=&#8221;full&#8221;]<div class=\"twelve pirenko_gallery\"><div id=\"iso_gallery-2795\" class=\"iso_folio shortcoded astro_iso_gallery columnize-0\"  style=\"margin-right:-10px;\" data-margin=10><div class=\"portfolio_entry_li\" style=\"padding-right:10px;padding-bottom:10px;\" data-mfp-src=\"\"><div class=\"grid_image_wrapper\"><div class=\"prk_magnificent body_bk_color\" ><div class=\"navicon-expand-2\"><\/div><\/div><div class=\"grid_single_title zero_color bd_headings_text_shadow zero_color\"><div class=\"prk_ttl\"><h3 class=\"header_font body_bk_color body_bk_text_shadow small\">fiif<\/h3><\/div> <\/div><div class=\"grid_colored_block\"><\/div><img decoding=\"async\" src=\"\" width=\"\" height=\"\" id=\"home_fader-2\" class=\"custom-img grid_image\" alt=\"\" data-featured=\"no\" \/><\/div><\/div><\/div><\/div><div class=\"prk_shortcode-title\"><div class=\"header_font sizer_small bd_headings_text_shadow zero_color prk_vc_title\">Zef joue avec les univers  se joue des univers seul compte l\u2019engagement, l\u2019enti\u00e8ret\u00e9 du geste, la spontan\u00e9it\u00e9 autant que la pr\u00e9sence. la somme d\u2019une quantit\u00e9 de petits riens et de grands combats, des esp\u00e9rances crues et d\u2019un regard sans concessions sur le monde. la musique est un chemin que l\u2019on parcours ensemble, le disque est la borne qui marque ce chemin.<\/div><\/div>[\/vc_column][\/vc_row]<\/p>\n","protected":false},"excerpt":{"rendered":"<p>[vc_row][vc_column width=&#8221;1\/1&#8243;][vc_single_image image=&#8221;7061&#8243; img_size=&#8221;full&#8221;][\/vc_column][\/vc_row]<\/p>\n","protected":false},"author":2,"featured_media":0,"parent":0,"menu_order":0,"comment_status":"closed","ping_status":"closed","template":"","meta":{"footnotes":""},"class_list":["post-2","page","type-page","status-publish","hentry"],"yoast_head":"<!-- This site is optimized with the Yoast SEO plugin v27.2 - https:\/\/yoast.com\/product\/yoast-seo-wordpress\/ -->\n<title>Zef !<\/title>\n<meta name=\"description\" content=\"Zef, groupe de musique. S&#039;il faut pr\u00e9ciser : bals, trad, bals trad, mais pas trop.\" \/>\n<meta name=\"robots\" content=\"index, follow, max-snippet:-1, max-image-preview:large, max-video-preview:-1\" \/>\n<link rel=\"canonical\" href=\"https:\/\/zeffeurs.cabreretsprod.com\/zef\/\" \/>\n<meta property=\"og:locale\" content=\"fr_FR\" \/>\n<meta property=\"og:type\" content=\"article\" \/>\n<meta property=\"og:title\" content=\"Zef !\" \/>\n<meta property=\"og:description\" content=\"Zef, groupe de musique. S&#039;il faut pr\u00e9ciser : bals, trad, bals trad, mais pas trop.\" \/>\n<meta property=\"og:url\" content=\"https:\/\/zeffeurs.cabreretsprod.com\/zef\/\" \/>\n<meta property=\"og:site_name\" content=\"Zef\" \/>\n<meta property=\"article:publisher\" content=\"https:\/\/www.facebook.com\/zeffeurs\/\" \/>\n<meta property=\"article:modified_time\" content=\"2024-11-30T20:47:18+00:00\" \/>\n<meta property=\"og:image\" content=\"https:\/\/i0.wp.com\/zeffeurs.cabreretsprod.com\/zef\/wp-content\/uploads\/2020\/12\/maniaques.jpg?fit=1920%2C1080&ssl=1\" \/>\n\t<meta property=\"og:image:width\" content=\"1920\" \/>\n\t<meta property=\"og:image:height\" content=\"1080\" \/>\n\t<meta property=\"og:image:type\" content=\"image\/jpeg\" \/>\n<meta name=\"twitter:card\" content=\"summary_large_image\" \/>\n<meta name=\"twitter:site\" content=\"@zeffeurs\" \/>\n<script type=\"application\/ld+json\" class=\"yoast-schema-graph\">{\"@context\":\"https:\/\/schema.org\",\"@graph\":[{\"@type\":\"WebPage\",\"@id\":\"https:\/\/zeffeurs.cabreretsprod.com\/zef\/\",\"url\":\"https:\/\/zeffeurs.cabreretsprod.com\/zef\/\",\"name\":\"Zef !\",\"isPartOf\":{\"@id\":\"https:\/\/zeffeurs.cabreretsprod.com\/zef\/#website\"},\"datePublished\":\"2012-10-07T15:24:28+00:00\",\"dateModified\":\"2024-11-30T20:47:18+00:00\",\"description\":\"Zef, groupe de musique. S'il faut pr\u00e9ciser : bals, trad, bals trad, mais pas trop.\",\"breadcrumb\":{\"@id\":\"https:\/\/zeffeurs.cabreretsprod.com\/zef\/#breadcrumb\"},\"inLanguage\":\"fr-FR\",\"potentialAction\":[{\"@type\":\"ReadAction\",\"target\":[\"https:\/\/zeffeurs.cabreretsprod.com\/zef\/\"]}]},{\"@type\":\"BreadcrumbList\",\"@id\":\"https:\/\/zeffeurs.cabreretsprod.com\/zef\/#breadcrumb\",\"itemListElement\":[{\"@type\":\"ListItem\",\"position\":1,\"name\":\"Accueil\",\"item\":\"https:\/\/zeffeurs.cabreretsprod.com\/zef\/\"},{\"@type\":\"ListItem\",\"position\":2,\"name\":\"fiif\"}]},{\"@type\":\"WebSite\",\"@id\":\"https:\/\/zeffeurs.cabreretsprod.com\/zef\/#website\",\"url\":\"https:\/\/zeffeurs.cabreretsprod.com\/zef\/\",\"name\":\"Zef\",\"description\":\"\",\"potentialAction\":[{\"@type\":\"SearchAction\",\"target\":{\"@type\":\"EntryPoint\",\"urlTemplate\":\"https:\/\/zeffeurs.cabreretsprod.com\/zef\/?s={search_term_string}\"},\"query-input\":{\"@type\":\"PropertyValueSpecification\",\"valueRequired\":true,\"valueName\":\"search_term_string\"}}],\"inLanguage\":\"fr-FR\"}]}<\/script>\n<!-- \/ Yoast SEO plugin. -->","yoast_head_json":{"title":"Zef !","description":"Zef, groupe de musique. S'il faut pr\u00e9ciser : bals, trad, bals trad, mais pas trop.","robots":{"index":"index","follow":"follow","max-snippet":"max-snippet:-1","max-image-preview":"max-image-preview:large","max-video-preview":"max-video-preview:-1"},"canonical":"https:\/\/zeffeurs.cabreretsprod.com\/zef\/","og_locale":"fr_FR","og_type":"article","og_title":"Zef !","og_description":"Zef, groupe de musique. S'il faut pr\u00e9ciser : bals, trad, bals trad, mais pas trop.","og_url":"https:\/\/zeffeurs.cabreretsprod.com\/zef\/","og_site_name":"Zef","article_publisher":"https:\/\/www.facebook.com\/zeffeurs\/","article_modified_time":"2024-11-30T20:47:18+00:00","og_image":[{"width":1920,"height":1080,"url":"https:\/\/i0.wp.com\/zeffeurs.cabreretsprod.com\/zef\/wp-content\/uploads\/2020\/12\/maniaques.jpg?fit=1920%2C1080&ssl=1","type":"image\/jpeg"}],"twitter_card":"summary_large_image","twitter_site":"@zeffeurs","schema":{"@context":"https:\/\/schema.org","@graph":[{"@type":"WebPage","@id":"https:\/\/zeffeurs.cabreretsprod.com\/zef\/","url":"https:\/\/zeffeurs.cabreretsprod.com\/zef\/","name":"Zef !","isPartOf":{"@id":"https:\/\/zeffeurs.cabreretsprod.com\/zef\/#website"},"datePublished":"2012-10-07T15:24:28+00:00","dateModified":"2024-11-30T20:47:18+00:00","description":"Zef, groupe de musique. S'il faut pr\u00e9ciser : bals, trad, bals trad, mais pas trop.","breadcrumb":{"@id":"https:\/\/zeffeurs.cabreretsprod.com\/zef\/#breadcrumb"},"inLanguage":"fr-FR","potentialAction":[{"@type":"ReadAction","target":["https:\/\/zeffeurs.cabreretsprod.com\/zef\/"]}]},{"@type":"BreadcrumbList","@id":"https:\/\/zeffeurs.cabreretsprod.com\/zef\/#breadcrumb","itemListElement":[{"@type":"ListItem","position":1,"name":"Accueil","item":"https:\/\/zeffeurs.cabreretsprod.com\/zef\/"},{"@type":"ListItem","position":2,"name":"fiif"}]},{"@type":"WebSite","@id":"https:\/\/zeffeurs.cabreretsprod.com\/zef\/#website","url":"https:\/\/zeffeurs.cabreretsprod.com\/zef\/","name":"Zef","description":"","potentialAction":[{"@type":"SearchAction","target":{"@type":"EntryPoint","urlTemplate":"https:\/\/zeffeurs.cabreretsprod.com\/zef\/?s={search_term_string}"},"query-input":{"@type":"PropertyValueSpecification","valueRequired":true,"valueName":"search_term_string"}}],"inLanguage":"fr-FR"}]}},"jetpack_sharing_enabled":true,"_links":{"self":[{"href":"https:\/\/zeffeurs.cabreretsprod.com\/zef\/index.php?rest_route=\/wp\/v2\/pages\/2","targetHints":{"allow":["GET"]}}],"collection":[{"href":"https:\/\/zeffeurs.cabreretsprod.com\/zef\/index.php?rest_route=\/wp\/v2\/pages"}],"about":[{"href":"https:\/\/zeffeurs.cabreretsprod.com\/zef\/index.php?rest_route=\/wp\/v2\/types\/page"}],"author":[{"embeddable":true,"href":"https:\/\/zeffeurs.cabreretsprod.com\/zef\/index.php?rest_route=\/wp\/v2\/users\/2"}],"replies":[{"embeddable":true,"href":"https:\/\/zeffeurs.cabreretsprod.com\/zef\/index.php?rest_route=%2Fwp%2Fv2%2Fcomments&post=2"}],"version-history":[{"count":57,"href":"https:\/\/zeffeurs.cabreretsprod.com\/zef\/index.php?rest_route=\/wp\/v2\/pages\/2\/revisions"}],"predecessor-version":[{"id":7062,"href":"https:\/\/zeffeurs.cabreretsprod.com\/zef\/index.php?rest_route=\/wp\/v2\/pages\/2\/revisions\/7062"}],"wp:attachment":[{"href":"https:\/\/zeffeurs.cabreretsprod.com\/zef\/index.php?rest_route=%2Fwp%2Fv2%2Fmedia&parent=2"}],"curies":[{"name":"wp","href":"https:\/\/api.w.org\/{rel}","templated":true}]}}